{"id":4935,"date":"2025-07-25T01:04:18","date_gmt":"2025-07-24T23:04:18","guid":{"rendered":"https:\/\/www.venditanoleggiogeneratori.it\/language\/?post_type=product&#038;p=4935"},"modified":"2025-07-25T01:04:18","modified_gmt":"2025-07-24T23:04:18","slug":"grup-electrogen-800-kva-650-kw-perin-generators","status":"publish","type":"product","link":"https:\/\/www.venditanoleggiogeneratori.it\/language\/ro\/produs\/grup-electrogen-800-kva-650-kw-perin-generators\/","title":{"rendered":"Grup electrogen 800 kVA (650 kW) &#8211; Perin Generators"},"content":{"rendered":"<p>Putere PRP 800 kVA corespunz\u0103toare la 640 kW pentru un factor de putere 0,8.<br \/>\nPutere LTP 866 kVA corespunz\u0103toare la 704 kW pentru un factor de putere 0,8.<\/p>\n<p>Tensiune nominal\u0103 400 V<br \/>\nCurent nominal PRP 1150 A<br \/>\nPutere PRP 800 kVA corespunz\u0103toare la 640 kW pentru un factor de putere 0,8<br \/>\nPutere LTP 866 kVA corespunz\u0103toare la 704 kW pentru un factor de putere 0,8<br \/>\nMotor MAN, 12 cilindri \u00een V<br \/>\nRegim 1500 rota\u021bii pe minut<br \/>\nAspirare: turbo, silen\u021biat<br \/>\nConsum orar combustibil la 100% din puterea nominal\u0103: 162 litri\/or\u0103<br \/>\nLungime 5500 mm<br \/>\nL\u0103\u021bime 1950 mm<br \/>\n\u00cen\u0103l\u021bime 3250 mm<\/p>\n","protected":false},"excerpt":{"rendered":"<p>Grup electrogen folosit, cu putere \u00een regim continuu 800 kVA echivalent\u0103 cu 640 kW, putere maxim\u0103 (Stand-by) 866 kVA echivalent\u0103 cu 704 kW. Motor MAN reglat la 1.500 rota\u021bii, versiune carenat\u0103 \u0219i silen\u021biat\u0103.<\/p>\n","protected":false},"featured_media":1987,"template":"","meta":[],"product_cat":[2607,2538],"product_tag":[],"class_list":["post-4935","product","type-product","status-publish","has-post-thumbnail","hentry","product_cat-grupuri-electrogene-folosite","product_cat-senza-categoria-ro","wpbf-post"],"aioseo_notices":[],"_links":{"self":[{"href":"https:\/\/www.venditanoleggiogeneratori.it\/language\/wp-json\/wp\/v2\/product\/4935","targetHints":{"allow":["GET"]}}],"collection":[{"href":"https:\/\/www.venditanoleggiogeneratori.it\/language\/wp-json\/wp\/v2\/product"}],"about":[{"href":"https:\/\/www.venditanoleggiogeneratori.it\/language\/wp-json\/wp\/v2\/types\/product"}],"wp:featuredmedia":[{"embeddable":true,"href":"https:\/\/www.venditanoleggiogeneratori.it\/language\/wp-json\/wp\/v2\/media\/1987"}],"wp:attachment":[{"href":"https:\/\/www.venditanoleggiogeneratori.it\/language\/wp-json\/wp\/v2\/media?parent=4935"}],"wp:term":[{"taxonomy":"product_cat","embeddable":true,"href":"https:\/\/www.venditanoleggiogeneratori.it\/language\/wp-json\/wp\/v2\/product_cat?post=4935"},{"taxonomy":"product_tag","embeddable":true,"href":"https:\/\/www.venditanoleggiogeneratori.it\/language\/wp-json\/wp\/v2\/product_tag?post=4935"}],"curies":[{"name":"wp","href":"https:\/\/api.w.org\/{rel}","templated":true}]}}