{"id":4909,"date":"2025-06-27T11:13:17","date_gmt":"2025-06-27T09:13:17","guid":{"rendered":"https:\/\/www.venditanoleggiogeneratori.it\/language\/?post_type=product&#038;p=4909"},"modified":"2025-08-06T14:13:46","modified_gmt":"2025-08-06T12:13:46","slug":"generator-electric-diesel-insonorizat-30-kva-motor-perkins-cgm30p","status":"publish","type":"product","link":"https:\/\/www.venditanoleggiogeneratori.it\/language\/ro\/produs\/generator-electric-diesel-insonorizat-30-kva-motor-perkins-cgm30p\/","title":{"rendered":"Generator electric diesel insonorizat 30 kVA &#8211; Motor Perkins &#8211; CGM30P"},"content":{"rendered":"<p data-start=\"210\" data-end=\"451\"><strong data-start=\"210\" data-end=\"257\">Grup electrogen CGM 30P \u2013 Seria Industrial\u0103<\/strong><br data-start=\"257\" data-end=\"260\" \/>Echipat cu motor Perkins 1103A-33G, acest grup electrogen trifazat este ideal pentru aplica\u021bii industriale u\u0219oare \u0219i medii. Disponibil \u0219i \u00een versiune insonorizat\u0103 pentru utilizare exterioar\u0103.<\/p>\n<p data-start=\"453\" data-end=\"492\"><strong data-start=\"456\" data-end=\"492\">Caracteristici tehnice generale:<\/strong><\/p>\n<ul data-start=\"493\" data-end=\"757\">\n<li data-start=\"493\" data-end=\"538\">\n<p data-start=\"495\" data-end=\"538\"><strong data-start=\"495\" data-end=\"521\">Putere continu\u0103 (PRP):<\/strong> 30 kVA \/ 24 kW<\/p>\n<\/li>\n<li data-start=\"539\" data-end=\"593\">\n<p data-start=\"541\" data-end=\"593\"><strong data-start=\"541\" data-end=\"574\">Putere de rezerv\u0103 (Stand-by):<\/strong> 33 kVA \/ 26,4 kW<\/p>\n<\/li>\n<li data-start=\"594\" data-end=\"638\">\n<p data-start=\"596\" data-end=\"638\"><strong data-start=\"596\" data-end=\"609\">Tensiune:<\/strong> 400 V \u2013 3 faze + N \u2013 50 Hz<\/p>\n<\/li>\n<li data-start=\"639\" data-end=\"669\">\n<p data-start=\"641\" data-end=\"669\"><strong data-start=\"641\" data-end=\"660\">Curent nominal:<\/strong> 43,3 A<\/p>\n<\/li>\n<li data-start=\"670\" data-end=\"699\">\n<p data-start=\"672\" data-end=\"699\"><strong data-start=\"672\" data-end=\"693\">Factor de putere:<\/strong> 0.8<\/p>\n<\/li>\n<li data-start=\"700\" data-end=\"757\">\n<p data-start=\"702\" data-end=\"757\"><strong data-start=\"702\" data-end=\"739\">Nivel sonor (vers. insonorizat\u0103):<\/strong> 69 dB(A) la 7 m<\/p>\n<\/li>\n<\/ul>\n<p data-start=\"759\" data-end=\"773\">\u00a0<strong data-start=\"763\" data-end=\"773\">Motor:<\/strong><\/p>\n<ul data-start=\"774\" data-end=\"1063\">\n<li data-start=\"774\" data-end=\"801\">\n<p data-start=\"776\" data-end=\"801\"><strong data-start=\"776\" data-end=\"791\">Produc\u0103tor:<\/strong> PERKINS<\/p>\n<\/li>\n<li data-start=\"802\" data-end=\"826\">\n<p data-start=\"804\" data-end=\"826\"><strong data-start=\"804\" data-end=\"814\">Model:<\/strong> 1103A-33G<\/p>\n<\/li>\n<li data-start=\"827\" data-end=\"862\">\n<p data-start=\"829\" data-end=\"862\"><strong data-start=\"829\" data-end=\"849\">Standard emisii:<\/strong> EU STAGE 0<\/p>\n<\/li>\n<li data-start=\"863\" data-end=\"897\">\n<p data-start=\"865\" data-end=\"897\"><strong data-start=\"865\" data-end=\"887\">Regulator tura\u021bie:<\/strong> Mecanic<\/p>\n<\/li>\n<li data-start=\"898\" data-end=\"926\">\n<p data-start=\"900\" data-end=\"926\"><strong data-start=\"900\" data-end=\"913\">Cilindri:<\/strong> 3 \u00een linie<\/p>\n<\/li>\n<li data-start=\"927\" data-end=\"967\">\n<p data-start=\"929\" data-end=\"967\"><strong data-start=\"929\" data-end=\"955\">Capacitate cilindric\u0103:<\/strong> 3.300 cm\u00b3<\/p>\n<\/li>\n<li data-start=\"968\" data-end=\"1012\">\n<p data-start=\"970\" data-end=\"1012\"><strong data-start=\"970\" data-end=\"992\">Putere net\u0103 motor:<\/strong> 37,1 CP (27,7 kW)<\/p>\n<\/li>\n<li data-start=\"1013\" data-end=\"1040\">\n<p data-start=\"1015\" data-end=\"1040\"><strong data-start=\"1015\" data-end=\"1029\">Aspira\u021bie:<\/strong> Natural\u0103<\/p>\n<\/li>\n<li data-start=\"1041\" data-end=\"1063\">\n<p data-start=\"1043\" data-end=\"1063\"><strong data-start=\"1043\" data-end=\"1054\">R\u0103cire:<\/strong> cu ap\u0103<\/p>\n<\/li>\n<\/ul>\n<p data-start=\"1065\" data-end=\"1085\"><strong data-start=\"1068\" data-end=\"1083\">Alternator:<\/strong><\/p>\n<ul data-start=\"1086\" data-end=\"1247\">\n<li data-start=\"1086\" data-end=\"1150\">\n<p data-start=\"1088\" data-end=\"1150\"><strong data-start=\"1088\" data-end=\"1110\">M\u0103rci disponibile:<\/strong> Stamford \/ Mecc Alte \/ Marelli Motori<\/p>\n<\/li>\n<li data-start=\"1151\" data-end=\"1189\">\n<p data-start=\"1153\" data-end=\"1189\"><strong data-start=\"1153\" data-end=\"1161\">Tip:<\/strong> autoexcitabil, f\u0103r\u0103 perii<\/p>\n<\/li>\n<li data-start=\"1190\" data-end=\"1211\">\n<p data-start=\"1192\" data-end=\"1211\"><strong data-start=\"1192\" data-end=\"1207\">Num\u0103r poli:<\/strong> 4<\/p>\n<\/li>\n<li data-start=\"1212\" data-end=\"1247\">\n<p data-start=\"1214\" data-end=\"1247\"><strong data-start=\"1214\" data-end=\"1241\">Reglare tensiune (AVR):<\/strong> \u00b11%<\/p>\n<\/li>\n<\/ul>\n<p data-start=\"1249\" data-end=\"1278\"><strong data-start=\"1252\" data-end=\"1276\">Consum \u0219i autonomie:<\/strong><\/p>\n<ul data-start=\"1279\" data-end=\"1401\">\n<li data-start=\"1279\" data-end=\"1329\">\n<p data-start=\"1281\" data-end=\"1329\">Consum (50\u201375\u2013100% sarcin\u0103): 4 \u2013 5,6 \u2013 7,2 l\/h<\/p>\n<\/li>\n<li data-start=\"1330\" data-end=\"1362\">\n<p data-start=\"1332\" data-end=\"1362\">Rezervor standard: 100 litri<\/p>\n<\/li>\n<li data-start=\"1363\" data-end=\"1401\">\n<p data-start=\"1365\" data-end=\"1401\">Autonomie (75% sarcin\u0103): ~17,8 ore<\/p>\n<\/li>\n<\/ul>\n<p data-start=\"1403\" data-end=\"1433\"><strong data-start=\"1406\" data-end=\"1433\">Dimensiuni \u0219i greutate:<\/strong><\/p>\n<ul data-start=\"1434\" data-end=\"1543\">\n<li data-start=\"1434\" data-end=\"1486\">\n<p data-start=\"1436\" data-end=\"1486\"><strong data-start=\"1436\" data-end=\"1458\">Versiune deschis\u0103:<\/strong> 1650\u00d7850\u00d71600 mm \u2013 690 kg<\/p>\n<\/li>\n<li data-start=\"1487\" data-end=\"1543\">\n<p data-start=\"1489\" data-end=\"1543\"><strong data-start=\"1489\" data-end=\"1515\">Versiune insonorizat\u0103:<\/strong> 1800\u00d7850\u00d71275 mm \u2013 855 kg<\/p>\n<\/li>\n<\/ul>\n<p data-start=\"1545\" data-end=\"1585\"><strong data-start=\"1548\" data-end=\"1583\">Panouri de control disponibile:<\/strong><\/p>\n<ul data-start=\"1586\" data-end=\"1678\">\n<li data-start=\"1586\" data-end=\"1615\">\n<p data-start=\"1588\" data-end=\"1615\">Standard: LOVATO RGK420SA<\/p>\n<\/li>\n<li data-start=\"1616\" data-end=\"1678\">\n<p data-start=\"1618\" data-end=\"1678\">Op\u021bional: COMAP AMF25, InteliLite 9, DEEP SEA DSE4520 MKII<\/p>\n<\/li>\n<\/ul>\n","protected":false},"excerpt":{"rendered":"<p><strong data-start=\"1737\" data-end=\"1790\">CGM 30P \u2013 Grup electrogen 33 kVA cu motor Perkins<\/strong><br data-start=\"1790\" data-end=\"1793\" \/>Grup electrogen industrial cu motor Perkins 3 cilindri, 33 kVA \u00een regim de rezerv\u0103, autonomie de p\u00e2n\u0103 la 18 ore, insonorizat, compact \u0219i u\u0219or de transportat. Dimensiuni: 1800\u00d7850\u00d71275 mm, greutate 855 kg.<\/p>\n","protected":false},"featured_media":5057,"template":"","meta":[],"product_cat":[2538],"product_tag":[],"class_list":["post-4909","product","type-product","status-publish","has-post-thumbnail","hentry","product_cat-senza-categoria-ro","wpbf-post"],"aioseo_notices":[],"_links":{"self":[{"href":"https:\/\/www.venditanoleggiogeneratori.it\/language\/wp-json\/wp\/v2\/product\/4909","targetHints":{"allow":["GET"]}}],"collection":[{"href":"https:\/\/www.venditanoleggiogeneratori.it\/language\/wp-json\/wp\/v2\/product"}],"about":[{"href":"https:\/\/www.venditanoleggiogeneratori.it\/language\/wp-json\/wp\/v2\/types\/product"}],"wp:featuredmedia":[{"embeddable":true,"href":"https:\/\/www.venditanoleggiogeneratori.it\/language\/wp-json\/wp\/v2\/media\/5057"}],"wp:attachment":[{"href":"https:\/\/www.venditanoleggiogeneratori.it\/language\/wp-json\/wp\/v2\/media?parent=4909"}],"wp:term":[{"taxonomy":"product_cat","embeddable":true,"href":"https:\/\/www.venditanoleggiogeneratori.it\/language\/wp-json\/wp\/v2\/product_cat?post=4909"},{"taxonomy":"product_tag","embeddable":true,"href":"https:\/\/www.venditanoleggiogeneratori.it\/language\/wp-json\/wp\/v2\/product_tag?post=4909"}],"curies":[{"name":"wp","href":"https:\/\/api.w.org\/{rel}","templated":true}]}}