{"id":4879,"date":"2025-07-26T11:29:25","date_gmt":"2025-07-26T09:29:25","guid":{"rendered":"https:\/\/www.venditanoleggiogeneratori.it\/language\/?post_type=product&#038;p=4879"},"modified":"2025-08-04T11:37:49","modified_gmt":"2025-08-04T09:37:49","slug":"grup-electrogen-diesel-izolat-fonic-de-1250-kva-echivalent-cu-1000-kw-motor-baudouin-12m33g1400-5-cu-12-cilindri-1250b","status":"publish","type":"product","link":"https:\/\/www.venditanoleggiogeneratori.it\/language\/ro\/produs\/grup-electrogen-diesel-izolat-fonic-de-1250-kva-echivalent-cu-1000-kw-motor-baudouin-12m33g1400-5-cu-12-cilindri-1250b\/","title":{"rendered":"Grup electrogen diesel izolat fonic de 1250 kVA, echivalent cu 1000 kW, motor Baudouin 12M33G1400\/5 cu 12 cilindri. &#8211; 1250B"},"content":{"rendered":"<p data-start=\"257\" data-end=\"318\"><strong data-start=\"257\" data-end=\"318\">Grup electrogen insonorizat 1250B \u2013 Seria Industrial\u0103<\/strong><\/p>\n<p data-start=\"320\" data-end=\"614\">Grup electrogen trifazat de mare putere, \u00een container insonorizat 40 ft HC, echipat cu motor BAUDOUIN 12 cilindri \u00een V, conceput pentru aplica\u021bii industriale \u0219i comerciale cu consum energetic ridicat. Ofer\u0103 performan\u021b\u0103 constant\u0103, autonomie decent\u0103 \u0219i protec\u021bie complet\u0103 \u00eempotriva intemperiilor.<\/p>\n<p data-start=\"616\" data-end=\"652\"><strong data-start=\"616\" data-end=\"650\">Specifica\u021bii tehnice generale:<\/strong><\/p>\n<ul data-start=\"653\" data-end=\"871\">\n<li data-start=\"653\" data-end=\"698\">\n<p data-start=\"655\" data-end=\"698\">Putere continu\u0103 (PRP): 1250 kVA \/ 1000 kW<\/p>\n<\/li>\n<li data-start=\"699\" data-end=\"746\">\n<p data-start=\"701\" data-end=\"746\">Putere de rezerv\u0103 (LTP): 1375 kVA \/ 1100 kW<\/p>\n<\/li>\n<li data-start=\"747\" data-end=\"781\">\n<p data-start=\"749\" data-end=\"781\">Tensiune: 400 V \u2013 3F+N \u2013 50 Hz<\/p>\n<\/li>\n<li data-start=\"782\" data-end=\"808\">\n<p data-start=\"784\" data-end=\"808\">Curent nominal: 1804 A<\/p>\n<\/li>\n<li data-start=\"809\" data-end=\"834\">\n<p data-start=\"811\" data-end=\"834\">Factor de putere: 0,8<\/p>\n<\/li>\n<li data-start=\"835\" data-end=\"871\">\n<p data-start=\"837\" data-end=\"871\">Nivel sonor: 70 dB(A) la 7 metri<\/p>\n<\/li>\n<\/ul>\n<p data-start=\"873\" data-end=\"885\"><strong data-start=\"873\" data-end=\"883\">Motor:<\/strong><\/p>\n<ul data-start=\"886\" data-end=\"1260\">\n<li data-start=\"886\" data-end=\"910\">\n<p data-start=\"888\" data-end=\"910\">Produc\u0103tor: BAUDOUIN<\/p>\n<\/li>\n<li data-start=\"911\" data-end=\"934\">\n<p data-start=\"913\" data-end=\"934\">Model: 12M33G1400\/5<\/p>\n<\/li>\n<li data-start=\"935\" data-end=\"963\">\n<p data-start=\"937\" data-end=\"963\">Norma emisii: EU STAGE 0<\/p>\n<\/li>\n<li data-start=\"964\" data-end=\"997\">\n<p data-start=\"966\" data-end=\"997\">Regulator tura\u021bie: Electronic<\/p>\n<\/li>\n<li data-start=\"998\" data-end=\"1036\">\n<p data-start=\"1000\" data-end=\"1036\">Clasa performan\u021b\u0103: G2 (ISO 8528-5)<\/p>\n<\/li>\n<li data-start=\"1037\" data-end=\"1058\">\n<p data-start=\"1039\" data-end=\"1058\">Tura\u021bie: 1500 rpm<\/p>\n<\/li>\n<li data-start=\"1059\" data-end=\"1084\">\n<p data-start=\"1061\" data-end=\"1084\">Nr. cilindri: 12 \u00een V<\/p>\n<\/li>\n<li data-start=\"1085\" data-end=\"1117\">\n<p data-start=\"1087\" data-end=\"1117\">Alezaj x Curs\u0103: 150 \u00d7 185 mm<\/p>\n<\/li>\n<li data-start=\"1118\" data-end=\"1155\">\n<p data-start=\"1120\" data-end=\"1155\">Capacitate cilindric\u0103: 39.200 cm\u00b3<\/p>\n<\/li>\n<li data-start=\"1156\" data-end=\"1196\">\n<p data-start=\"1158\" data-end=\"1196\">Putere motor net\u0103: 1430 CP \/ 1067 kW<\/p>\n<\/li>\n<li data-start=\"1197\" data-end=\"1217\">\n<p data-start=\"1199\" data-end=\"1217\">Aspira\u021bie: Turbo<\/p>\n<\/li>\n<li data-start=\"1218\" data-end=\"1236\">\n<p data-start=\"1220\" data-end=\"1236\">R\u0103cire: cu ap\u0103<\/p>\n<\/li>\n<li data-start=\"1237\" data-end=\"1260\">\n<p data-start=\"1239\" data-end=\"1260\">Combustibil: Diesel<\/p>\n<\/li>\n<\/ul>\n<p data-start=\"1262\" data-end=\"1279\"><strong data-start=\"1262\" data-end=\"1277\">Alternator:<\/strong><\/p>\n<ul data-start=\"1280\" data-end=\"1435\">\n<li data-start=\"1280\" data-end=\"1328\">\n<p data-start=\"1282\" data-end=\"1328\">M\u0103rci: Stamford \/ Mecc Alte \/ Marelli Motori<\/p>\n<\/li>\n<li data-start=\"1329\" data-end=\"1363\">\n<p data-start=\"1331\" data-end=\"1363\">Tip: Autoexcitabil, f\u0103r\u0103 perii<\/p>\n<\/li>\n<li data-start=\"1364\" data-end=\"1381\">\n<p data-start=\"1366\" data-end=\"1381\">Num\u0103r poli: 4<\/p>\n<\/li>\n<li data-start=\"1382\" data-end=\"1403\">\n<p data-start=\"1384\" data-end=\"1403\">Clas\u0103 izola\u021bie: H<\/p>\n<\/li>\n<li data-start=\"1404\" data-end=\"1435\">\n<p data-start=\"1406\" data-end=\"1435\">Reglare tensiune: AVR \u00b10,5%<\/p>\n<\/li>\n<\/ul>\n<p data-start=\"1437\" data-end=\"1463\"><strong data-start=\"1437\" data-end=\"1461\">Consum \u0219i autonomie:<\/strong><\/p>\n<ul data-start=\"1464\" data-end=\"1579\">\n<li data-start=\"1464\" data-end=\"1498\">\n<p data-start=\"1466\" data-end=\"1498\">Consum la 75% sarcin\u0103: 160 l\/h<\/p>\n<\/li>\n<li data-start=\"1499\" data-end=\"1534\">\n<p data-start=\"1501\" data-end=\"1534\">Rezervor combustibil: 400 litri<\/p>\n<\/li>\n<li data-start=\"1535\" data-end=\"1579\">\n<p data-start=\"1537\" data-end=\"1579\">Autonomie la 75% sarcin\u0103: aprox. 2,5 ore<\/p>\n<\/li>\n<\/ul>\n<p data-start=\"1581\" data-end=\"1634\"><strong data-start=\"1581\" data-end=\"1632\">Dimensiuni \u0219i greutate (versiune insonorizat\u0103):<\/strong><\/p>\n<ul data-start=\"1635\" data-end=\"1735\">\n<li data-start=\"1635\" data-end=\"1673\">\n<p data-start=\"1637\" data-end=\"1673\">Container: 40 ft HC (ISO 668:2020)<\/p>\n<\/li>\n<li data-start=\"1674\" data-end=\"1711\">\n<p data-start=\"1676\" data-end=\"1711\">Dimensiuni: 5000 \u00d7 2100 \u00d7 2600 mm<\/p>\n<\/li>\n<li data-start=\"1712\" data-end=\"1735\">\n<p data-start=\"1714\" data-end=\"1735\">Greutate: 18.250 kg<\/p>\n<\/li>\n<\/ul>\n<p data-start=\"1737\" data-end=\"1760\"><strong data-start=\"1737\" data-end=\"1758\">Panou de control:<\/strong><\/p>\n<ul data-start=\"1761\" data-end=\"1934\">\n<li data-start=\"1761\" data-end=\"1786\">\n<p data-start=\"1763\" data-end=\"1786\">Standard: COMAP AMF25<\/p>\n<\/li>\n<li data-start=\"1787\" data-end=\"1813\">\n<p data-start=\"1789\" data-end=\"1813\">Op\u021bional: DSE7320 MKII<\/p>\n<\/li>\n<li data-start=\"1814\" data-end=\"1934\">\n<p data-start=\"1816\" data-end=\"1934\">Func\u021bii: pornire automat\u0103\/manual\u0103, test periodic, m\u0103sur\u0103tori V\/A\/Hz\/kVA, comunica\u021bii MODBUS, SNMP, Ethernet, 4G, GPS<\/p>\n<\/li>\n<\/ul>\n<p data-start=\"1936\" data-end=\"1962\"><strong data-start=\"1936\" data-end=\"1960\">Structur\u0103 container:<\/strong><\/p>\n<ul data-start=\"1963\" data-end=\"2238\">\n<li data-start=\"1963\" data-end=\"2020\">\n<p data-start=\"1965\" data-end=\"2020\">O\u021bel zincat de \u00eenalt\u0103 rezisten\u021b\u0103, grosime minim\u0103 2 mm<\/p>\n<\/li>\n<li data-start=\"2021\" data-end=\"2073\">\n<p data-start=\"2023\" data-end=\"2073\">Izola\u021bie: l\u00e2n\u0103 mineral\u0103 + panouri microperforate<\/p>\n<\/li>\n<li data-start=\"2074\" data-end=\"2125\">\n<p data-start=\"2076\" data-end=\"2125\">Silen\u021biator reziden\u021bial cu reducere de 35 dB(A)<\/p>\n<\/li>\n<li data-start=\"2126\" data-end=\"2171\">\n<p data-start=\"2128\" data-end=\"2171\">Acces prin u\u0219i frontale \u0219i laterale duble<\/p>\n<\/li>\n<li data-start=\"2172\" data-end=\"2238\">\n<p data-start=\"2174\" data-end=\"2238\">Iluminare LED intern\u0103, racorduri rapide pentru rezervor extern<\/p>\n<\/li>\n<\/ul>\n","protected":false},"excerpt":{"rendered":"<p>1250B \u2013 Grup electrogen 1375 kVA cu motor Baudouin<\/p>\n<p>Grup insonorizat containerizat, motor V12 de 39,2 litri, 1375 kVA stand-by, autonomie 2,5 ore<\/p>\n<p>Dimensiuni: 5000\u00d72100\u00d72600 mm, greutate 18.250 kg.<\/p>\n<p>Cu regulator electronic de tensiune AVR ca standard.<\/p>\n","protected":false},"featured_media":5056,"template":"","meta":[],"product_cat":[2603],"product_tag":[],"class_list":["post-4879","product","type-product","status-publish","has-post-thumbnail","hentry","product_cat-generatoare-electrogene-industriale-insonorizate","wpbf-post"],"aioseo_notices":[],"_links":{"self":[{"href":"https:\/\/www.venditanoleggiogeneratori.it\/language\/wp-json\/wp\/v2\/product\/4879","targetHints":{"allow":["GET"]}}],"collection":[{"href":"https:\/\/www.venditanoleggiogeneratori.it\/language\/wp-json\/wp\/v2\/product"}],"about":[{"href":"https:\/\/www.venditanoleggiogeneratori.it\/language\/wp-json\/wp\/v2\/types\/product"}],"wp:featuredmedia":[{"embeddable":true,"href":"https:\/\/www.venditanoleggiogeneratori.it\/language\/wp-json\/wp\/v2\/media\/5056"}],"wp:attachment":[{"href":"https:\/\/www.venditanoleggiogeneratori.it\/language\/wp-json\/wp\/v2\/media?parent=4879"}],"wp:term":[{"taxonomy":"product_cat","embeddable":true,"href":"https:\/\/www.venditanoleggiogeneratori.it\/language\/wp-json\/wp\/v2\/product_cat?post=4879"},{"taxonomy":"product_tag","embeddable":true,"href":"https:\/\/www.venditanoleggiogeneratori.it\/language\/wp-json\/wp\/v2\/product_tag?post=4879"}],"curies":[{"name":"wp","href":"https:\/\/api.w.org\/{rel}","templated":true}]}}