{"id":4502,"date":"2025-05-10T10:42:14","date_gmt":"2025-05-10T08:42:14","guid":{"rendered":"https:\/\/www.venditanoleggiogeneratori.it\/language\/home-romana\/"},"modified":"2025-07-25T01:33:25","modified_gmt":"2025-07-24T23:33:25","slug":"home-romana","status":"publish","type":"page","link":"https:\/\/www.venditanoleggiogeneratori.it\/language\/ro\/","title":{"rendered":"Home &#8211; Rom\u00e2n\u0103"},"content":{"rendered":"<p>[vc_row full_width=&#8221;stretch_row&#8221; el_class=&#8221;introeng&#8221;][vc_column width=&#8221;1\/2&#8243;][\/vc_column][vc_column width=&#8221;1\/2&#8243;][vc_empty_space height=&#8221;50px&#8221;][vc_custom_heading text=&#8221;ENG Service: \u00cenchiriere \u0219i v\u00e2nzare de generatoare electrice \u0219i produse din sectorul energetic&#8221; font_container=&#8221;tag:h1|text_align:center&#8221; use_theme_fonts=&#8221;yes&#8221; css=&#8221;.vc_custom_1750410129694{margin-bottom: 10px !important;}&#8221;][vc_custom_heading text=&#8221;R\u0103sfoie\u0219te catalogul online sau sun\u0103-ne la +40(0)231531050 pentru o ofert\u0103 imediat\u0103&#8221; font_container=&#8221;tag:h2|text_align:center|color:%23ffffff&#8221; use_theme_fonts=&#8221;yes&#8221;][vc_empty_space height=&#8221;50px&#8221;][\/vc_column][\/vc_row][vc_row full_width=&#8221;stretch_row&#8221; css=&#8221;.vc_custom_1676905166796{border-top-width: 1px !important;border-top-color: #cccccc !important;border-top-style: solid !important;}&#8221;][vc_column width=&#8221;1\/4&#8243;][vc_custom_heading text=&#8221;V\u00c2NZARE&#8221; font_container=&#8221;tag:h5|text_align:left&#8221; use_theme_fonts=&#8221;yes&#8221;][vc_column_text el_class=&#8221;introtestohome&#8221;]<\/p>\n<p style=\"text-align: justify;\">\u00cen aceast\u0103 sec\u021biune a catalogului g\u0103se\u0219ti produsele disponibile spre v\u00e2nzare, at\u00e2t noi c\u00e2t \u0219i second-hand. \u00cenainte de a cump\u0103ra, \u00ee\u021bi recomand\u0103m s\u0103 ne contactezi la <a href=\"tel:+40231531050\"><span class=\"numerotel\">+40 ( 0 ) 231531050<\/span><\/a> pentru a stabili termenele \u0219i modalit\u0103\u021bile de livrare \u0219i pentru a verifica dac\u0103 exist\u0103 promo\u021bii sau reduceri active, \u00een special pentru companii \u0219i distribuitori.<\/p>\n<p>[\/vc_column_text][vc_wp_custommenu nav_menu=&#8221;588&#8243; el_class=&#8221;menuhome&#8221;][\/vc_column][vc_column width=&#8221;3\/4&#8243;][vc_custom_heading text=&#8221;PREVIZUALIZARE PRODUSE DE V\u00c2NZARE&#8221; font_container=&#8221;tag:h5|text_align:left&#8221; use_theme_fonts=&#8221;yes&#8221;]<div class=\"woocommerce columns-1 \"><ul class=\"wpbf-grid wpbf-grid-small wpbf-grid-1-1 wpbf-grid-small-1-2 wpbf-grid-large-1-1 products columns-1\"><li class=\"wpbf-post product type-product post-4681 status-publish first instock product_cat-generatoare-electrogene-industriale-insonorizate product_cat-gruppi-elettrogeni-industriali-insonorizzati-ro-ro has-post-thumbnail taxable shipping-taxable product-type-simple\">\n\t<div class=\"wpbf-woo-product-wrapper wpbf-clearfix\"><div class=\"wpbf-woo-loop-thumbnail-wrapper\"><a href=\"https:\/\/www.venditanoleggiogeneratori.it\/language\/ro\/produs\/generator-diesel-insonorizat-de-200-kva-160-kw-motor-iveco-fpt\/\" class=\"woocommerce-LoopProduct-link woocommerce-loop-product__link\"><\/a><\/div><div\n\tclass=\"yith-ywraq-add-to-quote add-to-quote-4681\" >\n\t\t<div class=\"yith-ywraq-add-button show\" style=\"display:block\"  data-product_id=\"4681\">\n\t\t<a href=\"#\" class=\"add-request-quote-button button\" data-product_id=\"\" data-wp_nonce=\"c5d3d43d5d\" >Cere o ofert\u0103 \u0219i termenele de livrare<\/a>\t<\/div>\n\t<div\n\t\tclass=\"yith_ywraq_add_item_product-response-4681 yith_ywraq_add_item_product_message hide hide-when-removed\"\n\t\tstyle=\"display:none\" data-product_id=\"4681\"><\/div>\n\t<div\n\t\tclass=\"yith_ywraq_add_item_response-4681 yith_ywraq_add_item_response_message hide hide-when-removed\"\n\t\tdata-product_id=\"4681\"\n\t\tstyle=\"display:none\">Acest produs a fost deja ad\u0103ugat la cererea dvs.\u00a0de\u00a0ofert\u0103.<\/div>\n\t<div\n\t\tclass=\"yith_ywraq_add_item_browse-list-4681 yith_ywraq_add_item_browse_message  hide hide-when-removed\"\n\t\tstyle=\"display:none\"\n\t\tdata-product_id=\"4681\"><a\n\t\t\thref=\"https:\/\/www.venditanoleggiogeneratori.it\/language\/ro\/produs\/generator-diesel-insonorizat-de-200-kva-160-kw-motor-iveco-fpt\/\">Merge\u021bi la list\u0103<\/a><\/div>\n<\/div>\n<div class=\"clear\"><\/div><\/div><\/li>\n<li class=\"wpbf-post product type-product post-4665 status-publish first instock product_cat-generatoare-electrogene-industriale-insonorizate product_cat-senza-categoria-ro has-post-thumbnail taxable shipping-taxable product-type-simple\">\n\t<div class=\"wpbf-woo-product-wrapper wpbf-clearfix\"><div class=\"wpbf-woo-loop-thumbnail-wrapper\"><a href=\"https:\/\/www.venditanoleggiogeneratori.it\/language\/ro\/produs\/grup-electrogen-diesel-izolat-fonic-100-kva-80-kw-motor-iveco-fpt\/\" class=\"woocommerce-LoopProduct-link woocommerce-loop-product__link\"><\/a><\/div><div\n\tclass=\"yith-ywraq-add-to-quote add-to-quote-4665\" >\n\t\t<div class=\"yith-ywraq-add-button show\" style=\"display:block\"  data-product_id=\"4665\">\n\t\t<a href=\"#\" class=\"add-request-quote-button button\" data-product_id=\"\" data-wp_nonce=\"da93232cac\" >Cere o ofert\u0103 \u0219i termenele de livrare<\/a>\t<\/div>\n\t<div\n\t\tclass=\"yith_ywraq_add_item_product-response-4665 yith_ywraq_add_item_product_message hide hide-when-removed\"\n\t\tstyle=\"display:none\" data-product_id=\"4665\"><\/div>\n\t<div\n\t\tclass=\"yith_ywraq_add_item_response-4665 yith_ywraq_add_item_response_message hide hide-when-removed\"\n\t\tdata-product_id=\"4665\"\n\t\tstyle=\"display:none\">Acest produs a fost deja ad\u0103ugat la cererea dvs.\u00a0de\u00a0ofert\u0103.<\/div>\n\t<div\n\t\tclass=\"yith_ywraq_add_item_browse-list-4665 yith_ywraq_add_item_browse_message  hide hide-when-removed\"\n\t\tstyle=\"display:none\"\n\t\tdata-product_id=\"4665\"><a\n\t\t\thref=\"https:\/\/www.venditanoleggiogeneratori.it\/language\/ro\/produs\/grup-electrogen-diesel-izolat-fonic-100-kva-80-kw-motor-iveco-fpt\/\">Merge\u021bi la list\u0103<\/a><\/div>\n<\/div>\n<div class=\"clear\"><\/div><\/div><\/li>\n<li class=\"wpbf-post product type-product post-4643 status-publish first instock product_cat-generatoare-electrogene-industriale-insonorizate product_cat-senza-categoria-ro has-post-thumbnail taxable shipping-taxable product-type-simple\">\n\t<div class=\"wpbf-woo-product-wrapper wpbf-clearfix\"><div class=\"wpbf-woo-loop-thumbnail-wrapper\"><a href=\"https:\/\/www.venditanoleggiogeneratori.it\/language\/ro\/produs\/generator-diesel-insonorizat-de-60-kva-48-kw-motor-iveco-fpt\/\" class=\"woocommerce-LoopProduct-link woocommerce-loop-product__link\"><\/a><\/div><div\n\tclass=\"yith-ywraq-add-to-quote add-to-quote-4643\" >\n\t\t<div class=\"yith-ywraq-add-button show\" style=\"display:block\"  data-product_id=\"4643\">\n\t\t<a href=\"#\" class=\"add-request-quote-button button\" data-product_id=\"\" data-wp_nonce=\"8da6db0747\" >Cere o ofert\u0103 \u0219i termenele de livrare<\/a>\t<\/div>\n\t<div\n\t\tclass=\"yith_ywraq_add_item_product-response-4643 yith_ywraq_add_item_product_message hide hide-when-removed\"\n\t\tstyle=\"display:none\" data-product_id=\"4643\"><\/div>\n\t<div\n\t\tclass=\"yith_ywraq_add_item_response-4643 yith_ywraq_add_item_response_message hide hide-when-removed\"\n\t\tdata-product_id=\"4643\"\n\t\tstyle=\"display:none\">Acest produs a fost deja ad\u0103ugat la cererea dvs.\u00a0de\u00a0ofert\u0103.<\/div>\n\t<div\n\t\tclass=\"yith_ywraq_add_item_browse-list-4643 yith_ywraq_add_item_browse_message  hide hide-when-removed\"\n\t\tstyle=\"display:none\"\n\t\tdata-product_id=\"4643\"><a\n\t\t\thref=\"https:\/\/www.venditanoleggiogeneratori.it\/language\/ro\/produs\/generator-diesel-insonorizat-de-60-kva-48-kw-motor-iveco-fpt\/\">Merge\u021bi la list\u0103<\/a><\/div>\n<\/div>\n<div class=\"clear\"><\/div><\/div><\/li>\n<li class=\"wpbf-post product type-product post-4564 status-publish first instock product_cat-grupuri-electrogene-diesel-industriale-insonorizate has-post-thumbnail taxable shipping-taxable product-type-simple\">\n\t<div class=\"wpbf-woo-product-wrapper wpbf-clearfix\"><div class=\"wpbf-woo-loop-thumbnail-wrapper\"><a href=\"https:\/\/www.venditanoleggiogeneratori.it\/language\/ro\/produs\/generator-electric-silentios-80-kva-trifazat-64-kw-motor-fpt\/\" class=\"woocommerce-LoopProduct-link woocommerce-loop-product__link\"><\/a><\/div><div\n\tclass=\"yith-ywraq-add-to-quote add-to-quote-4564\" >\n\t\t<div class=\"yith-ywraq-add-button show\" style=\"display:block\"  data-product_id=\"4564\">\n\t\t<a href=\"#\" class=\"add-request-quote-button button\" data-product_id=\"\" data-wp_nonce=\"1cb31ee6b2\" >Cere o ofert\u0103 \u0219i termenele de livrare<\/a>\t<\/div>\n\t<div\n\t\tclass=\"yith_ywraq_add_item_product-response-4564 yith_ywraq_add_item_product_message hide hide-when-removed\"\n\t\tstyle=\"display:none\" data-product_id=\"4564\"><\/div>\n\t<div\n\t\tclass=\"yith_ywraq_add_item_response-4564 yith_ywraq_add_item_response_message hide hide-when-removed\"\n\t\tdata-product_id=\"4564\"\n\t\tstyle=\"display:none\">Acest produs a fost deja ad\u0103ugat la cererea dvs.\u00a0de\u00a0ofert\u0103.<\/div>\n\t<div\n\t\tclass=\"yith_ywraq_add_item_browse-list-4564 yith_ywraq_add_item_browse_message  hide hide-when-removed\"\n\t\tstyle=\"display:none\"\n\t\tdata-product_id=\"4564\"><a\n\t\t\thref=\"https:\/\/www.venditanoleggiogeneratori.it\/language\/ro\/produs\/generator-electric-silentios-80-kva-trifazat-64-kw-motor-fpt\/\">Merge\u021bi la list\u0103<\/a><\/div>\n<\/div>\n<div class=\"clear\"><\/div><\/div><\/li>\n<\/ul><\/div>[\/vc_column][\/vc_row][vc_row full_width=&#8221;stretch_row&#8221; css=&#8221;.vc_custom_1676904760613{background-color: #f5f5f5 !important;}&#8221;][vc_column width=&#8221;1\/4&#8243;][vc_custom_heading text=&#8221;\u00ceNCHIRIERE&#8221; font_container=&#8221;tag:h5|text_align:left&#8221; use_theme_fonts=&#8221;yes&#8221;][vc_column_text el_class=&#8221;introtestohome&#8221;]<\/p>\n<p style=\"text-align: justify;\">\u00cen aceast\u0103 sec\u021biune a catalogului g\u0103se\u0219ti produsele disponibile pentru \u00eenchiriere. Pentru o ofert\u0103 de \u00eenchiriere, contacteaz\u0103-ne la <a href=\"tel:+40231531050\"><span class=\"numerotel\">+40 ( 0 ) 231531050<\/span><\/a> sau trimite-ne un e-mail, indic\u00e2nd durata (zile, s\u0103pt\u0103m\u00e2ni sau luni), utilizarea zilnic\u0103 \u0219i locul \u00eenchirierii.<\/p>\n<p>[\/vc_column_text][vc_wp_custommenu nav_menu=&#8221;589&#8243; el_class=&#8221;menuhome&#8221;][\/vc_column][vc_column width=&#8221;3\/4&#8243;][vc_custom_heading text=&#8221;PREVIZUALIZARE PRODUSE \u00ceN \u00ceNCHIRIERE&#8221; font_container=&#8221;tag:h5|text_align:left&#8221; use_theme_fonts=&#8221;yes&#8221;]<div class=\"woocommerce columns-1 \"><ul class=\"wpbf-grid wpbf-grid-small wpbf-grid-1-1 wpbf-grid-small-1-2 wpbf-grid-large-1-1 products columns-1\"><li class=\"wpbf-post product type-product post-276 status-publish first instock product_cat-inchiriere-generatoare-electrice has-post-thumbnail featured taxable shipping-taxable product-type-simple\">\n\t<div class=\"wpbf-woo-product-wrapper wpbf-clearfix\"><div class=\"wpbf-woo-loop-thumbnail-wrapper\"><a href=\"https:\/\/www.venditanoleggiogeneratori.it\/language\/ro\/produs\/noleggio-gruppo-elettrogeno-200-kva-160-kw-trifase-diesel-insonorizzato\/\" class=\"woocommerce-LoopProduct-link woocommerce-loop-product__link\"><\/a><\/div><div\n\tclass=\"yith-ywraq-add-to-quote add-to-quote-276\" >\n\t\t<div class=\"yith-ywraq-add-button show\" style=\"display:block\"  data-product_id=\"276\">\n\t\t<a href=\"#\" class=\"add-request-quote-button button\" data-product_id=\"\" data-wp_nonce=\"6b210ea9e1\" >Cere o ofert\u0103 \u0219i termenele de livrare<\/a>\t<\/div>\n\t<div\n\t\tclass=\"yith_ywraq_add_item_product-response-276 yith_ywraq_add_item_product_message hide hide-when-removed\"\n\t\tstyle=\"display:none\" data-product_id=\"276\"><\/div>\n\t<div\n\t\tclass=\"yith_ywraq_add_item_response-276 yith_ywraq_add_item_response_message hide hide-when-removed\"\n\t\tdata-product_id=\"276\"\n\t\tstyle=\"display:none\">Acest produs a fost deja ad\u0103ugat la cererea dvs.\u00a0de\u00a0ofert\u0103.<\/div>\n\t<div\n\t\tclass=\"yith_ywraq_add_item_browse-list-276 yith_ywraq_add_item_browse_message  hide hide-when-removed\"\n\t\tstyle=\"display:none\"\n\t\tdata-product_id=\"276\"><a\n\t\t\thref=\"https:\/\/www.venditanoleggiogeneratori.it\/language\/ro\/produs\/noleggio-gruppo-elettrogeno-200-kva-160-kw-trifase-diesel-insonorizzato\/\">Merge\u021bi la list\u0103<\/a><\/div>\n<\/div>\n<div class=\"clear\"><\/div><\/div><\/li>\n<li class=\"wpbf-post product type-product post-4558 status-publish first instock product_cat-inchiriere-generatoare-electrice has-post-thumbnail taxable shipping-taxable product-type-simple\">\n\t<div class=\"wpbf-woo-product-wrapper wpbf-clearfix\"><div class=\"wpbf-woo-loop-thumbnail-wrapper\"><a href=\"https:\/\/www.venditanoleggiogeneratori.it\/language\/ro\/produs\/inchiriere-grup-electrogen-de-500-kva-echivalent-cu-400-kw-trifazat-diesel-insonorizat-motor-doosan\/\" class=\"woocommerce-LoopProduct-link woocommerce-loop-product__link\"><\/a><\/div><div\n\tclass=\"yith-ywraq-add-to-quote add-to-quote-4558\" >\n\t\t<div class=\"yith-ywraq-add-button show\" style=\"display:block\"  data-product_id=\"4558\">\n\t\t<a href=\"#\" class=\"add-request-quote-button button\" data-product_id=\"\" data-wp_nonce=\"465b421b1e\" >Cere o ofert\u0103 \u0219i termenele de livrare<\/a>\t<\/div>\n\t<div\n\t\tclass=\"yith_ywraq_add_item_product-response-4558 yith_ywraq_add_item_product_message hide hide-when-removed\"\n\t\tstyle=\"display:none\" data-product_id=\"4558\"><\/div>\n\t<div\n\t\tclass=\"yith_ywraq_add_item_response-4558 yith_ywraq_add_item_response_message hide hide-when-removed\"\n\t\tdata-product_id=\"4558\"\n\t\tstyle=\"display:none\">Acest produs a fost deja ad\u0103ugat la cererea dvs.\u00a0de\u00a0ofert\u0103.<\/div>\n\t<div\n\t\tclass=\"yith_ywraq_add_item_browse-list-4558 yith_ywraq_add_item_browse_message  hide hide-when-removed\"\n\t\tstyle=\"display:none\"\n\t\tdata-product_id=\"4558\"><a\n\t\t\thref=\"https:\/\/www.venditanoleggiogeneratori.it\/language\/ro\/produs\/inchiriere-grup-electrogen-de-500-kva-echivalent-cu-400-kw-trifazat-diesel-insonorizat-motor-doosan\/\">Merge\u021bi la list\u0103<\/a><\/div>\n<\/div>\n<div class=\"clear\"><\/div><\/div><\/li>\n<\/ul><\/div>[\/vc_column][\/vc_row][vc_row full_width=&#8221;stretch_row&#8221; css=&#8221;.vc_custom_1753173891225{background-color: #ffffff !important;}&#8221;][vc_column width=&#8221;1\/4&#8243;][vc_custom_heading text=&#8221;GHIDURI \u0218I \u00ceNTREB\u0102RI FRECVENTE&#8221; font_container=&#8221;tag:h5|text_align:left&#8221; use_theme_fonts=&#8221;yes&#8221;][vc_column_text el_class=&#8221;introtestohome&#8221;]<\/p>\n<p style=\"text-align: justify;\">\u00cen aceste pagini ale site-ului vei g\u0103si ghiduri \u0219i documenta\u021bie util\u0103 pentru alegerea generatoarelor, UPS-urilor \u0219i altor produse pe care le vindem sau le \u00eenchiriem. \u00cenainte de achizi\u021bie, \u00ee\u021bi recomand\u0103m configuratoarele noastre de produs \u0219i tabelele comparative, unde po\u021bi compara caracteristicile \u0219i pre\u021burile modelelor similare de la m\u0103rci diferite.<\/p>\n<p>[\/vc_column_text][vc_wp_custommenu nav_menu=&#8221;590&#8243; el_class=&#8221;menuhome&#8221;][\/vc_column][vc_column width=&#8221;3\/4&#8243;][vc_custom_heading text=&#8221;PREVIZUALIZARE GHIDURI \u00ceN VITRIN\u0102&#8221; font_container=&#8221;tag:h5|text_align:left&#8221; use_theme_fonts=&#8221;yes&#8221;][vc_basic_grid post_type=&#8221;post&#8221; max_items=&#8221;3&#8243; element_width=&#8221;12&#8243; gap=&#8221;0&#8243; item=&#8221;599&#8243; initial_loading_animation=&#8221;none&#8221; grid_id=&#8221;vc_gid:1753399979596-dba75ab3-db9b-10&#8243; taxonomies=&#8221;547&#8243;][\/vc_column][\/vc_row]<\/p>\n","protected":false},"excerpt":{"rendered":"<p>[vc_row full_width=&#8221;stretch_row&#8221; el_class=&#8221;introeng&#8221;][vc_column width=&#8221;1\/2&#8243;][\/vc_column][vc_column width=&#8221;1\/2&#8243;][vc_empty_space height=&#8221;50px&#8221;][vc_custom_heading text=&#8221;ENG Service: \u00cenchiriere \u0219i v\u00e2nzare de generatoare electrice \u0219i produse din sectorul energetic&#8221; font_container=&#8221;tag:h1|text_align:center&#8221; use_theme_fonts=&#8221;yes&#8221; css=&#8221;.vc_custom_1750410129694{margin-bottom: 10px !important;}&#8221;][vc_custom_heading text=&#8221;R\u0103sfoie\u0219te catalogul online sau sun\u0103-ne la +40(0)231531050 pentru o ofert\u0103 imediat\u0103&#8221; font_container=&#8221;tag:h2|text_align:center|color:%23ffffff&#8221; use_theme_fonts=&#8221;yes&#8221;][vc_empty_space height=&#8221;50px&#8221;][\/vc_column][\/vc_row][vc_row full_width=&#8221;stretch_row&#8221; css=&#8221;.vc_custom_1676905166796{border-top-width: 1px !important;border-top-color: #cccccc !important;border-top-style: solid !important;}&#8221;][vc_column width=&#8221;1\/4&#8243;][vc_custom_heading text=&#8221;V\u00c2NZARE&#8221; font_container=&#8221;tag:h5|text_align:left&#8221; use_theme_fonts=&#8221;yes&#8221;][vc_column_text el_class=&#8221;introtestohome&#8221;] \u00cen aceast\u0103 sec\u021biune a [&hellip;]<\/p>\n","protected":false},"author":7,"featured_media":0,"parent":0,"menu_order":0,"comment_status":"closed","ping_status":"closed","template":"","meta":{"footnotes":""},"class_list":["post-4502","page","type-page","status-publish","hentry","wpbf-post"],"aioseo_notices":[],"_links":{"self":[{"href":"https:\/\/www.venditanoleggiogeneratori.it\/language\/wp-json\/wp\/v2\/pages\/4502","targetHints":{"allow":["GET"]}}],"collection":[{"href":"https:\/\/www.venditanoleggiogeneratori.it\/language\/wp-json\/wp\/v2\/pages"}],"about":[{"href":"https:\/\/www.venditanoleggiogeneratori.it\/language\/wp-json\/wp\/v2\/types\/page"}],"author":[{"embeddable":true,"href":"https:\/\/www.venditanoleggiogeneratori.it\/language\/wp-json\/wp\/v2\/users\/7"}],"replies":[{"embeddable":true,"href":"https:\/\/www.venditanoleggiogeneratori.it\/language\/wp-json\/wp\/v2\/comments?post=4502"}],"version-history":[{"count":11,"href":"https:\/\/www.venditanoleggiogeneratori.it\/language\/wp-json\/wp\/v2\/pages\/4502\/revisions"}],"predecessor-version":[{"id":5022,"href":"https:\/\/www.venditanoleggiogeneratori.it\/language\/wp-json\/wp\/v2\/pages\/4502\/revisions\/5022"}],"wp:attachment":[{"href":"https:\/\/www.venditanoleggiogeneratori.it\/language\/wp-json\/wp\/v2\/media?parent=4502"}],"curies":[{"name":"wp","href":"https:\/\/api.w.org\/{rel}","templated":true}]}}