{"id":3,"date":"2025-03-27T12:30:59","date_gmt":"2025-03-27T11:30:59","guid":{"rendered":"https:\/\/portaleclienti.sviluppo.host\/?page_id=3"},"modified":"2025-03-27T17:25:12","modified_gmt":"2025-03-27T16:25:12","slug":"privacy-policy","status":"publish","type":"page","link":"https:\/\/www.venditanoleggiogeneratori.it\/aftersales\/privacy-policy\/","title":{"rendered":"Privacy Policy"},"content":{"rendered":"<div class=\"entry-content\">\n<p>Ai sensi dell\u2019art. 13 del Regolamento Europeo n. 679 del 2016 (il \u201c<strong>Regolamento Privacy<\/strong>\u201d), nonch\u00e9 della Raccomandazione n. 2 del 2001 adottata ai sensi dell\u2019art. 29 della Direttiva n. 95\/46\/CE, <strong>ENG Service di Daniele Ciampichetti<\/strong> intende informare Te e tutti gli utenti e\/o visitatori del sito www.venditanoleggiogeneratori.it (rispettivamente gli \u201c<strong>Utenti<\/strong>\u201d e il \u201c<strong>Sito<\/strong>\u201d), in merito all\u2019utilizzo dei dati personali, dei log <em>files<\/em> e dei <em>cookies<\/em> raccolti tramite il Sito medesimo.<\/p>\n<ol>\n<li><strong>Titolare, Responsabili del trattamento dei dati e Responsabile della Protezione dei Dati<\/strong><\/li>\n<\/ol>\n<p>Il titolare del trattamento dei dati personali \u00e8:<\/p>\n<p><strong>ENG Service di Daniele Ciampichetti<br \/><\/strong>Via Sant\u2019Eustacchio \u2013 Monte San Vito (Ancona)<br \/>Tel. <a href=\"tel:+393332527289\"><span class=\"numerotel\">(+39) 333 2527289<\/span><\/a><br \/>E-mail: info@engservice.it<\/p>\n<p>L\u2019elenco aggiornato dei Responsabili del trattamento designati pu\u00f2 essere fornito su richiesta da parte degli interessati e\/o Utenti.<\/p>\n<ol start=\"2\">\n<li><strong>I dati personali che ci fornisci utilizzando il Sito: a che fine li trattiamo.<\/strong><\/li>\n<\/ol>\n<p>I Tuoi dati ci servono per consentirTi, attraverso l\u2019utilizzo del Sito, di:<\/p>\n<ol>\n<li>Perfezionare l\u2019ordine di acquisto dei prodotti e\/o servizi esposti attraverso il sito di e-commerce, per consentirci, una volta concluso il contratto di spedirvi il prodotto acquistato tramite corriere, nonch\u00e9 per curare gli aspetti amministrativo \u2013 contabili successivi all\u2019acquisto;<\/li>\n<li>aggiornamento, tramite e-mail, in merito a tutte le nostre eventuali iniziative promozionali e di marketing anche diretto, ivi incluse, a titolo esemplificativo, le informazioni riguardanti gli ultimi servizi offerti dall\u2019attivit\u00e0 commerciale, gli eventi e le campagne pubblicitarie organizzate dal Titolare, (la \u201c<strong>Newsletter<\/strong>\u201d);<\/li>\n<\/ol>\n<p>I Tuoi dati vengono trattati per le seguenti finalit\u00e0:<\/p>\n<ul>\n<li>adempiere all\u2019esecuzione del contratto;<\/li>\n<li>adempiere agli obblighi di legge, anche amministrativi e contabili;<\/li>\n<li>effettuare la gestione tecnica del Sito;<\/li>\n<li>erogarti il servizio di Newsletter con l\u2019invio di promozioni, offerte e sconti riservati (previo consenso facoltativo, libero e specifico);<\/li>\n<\/ul>\n<p>Il trattamento dei dati per le finalit\u00e0 che precedono verr\u00e0 effettuato in ossequio al Codice Privacy, al Regolamento Privacy e a tutte le specifiche normative di settore ivi incluso quanto previsto dalle \u201cRegole del Garante per i programmi di fidelizzazione\u201d del 24 febbraio 2005 e dalle \u201cLinee guida in materia di trattamento di dati personali per profilazione on-line\u201d del 19 marzo 2015.<\/p>\n<p>In ossequio alle \u201cLinee guida in materia di attivit\u00e0 promozionale e contrasto allo spam\u201d del 4 luglio 2013, evidenziamo che il consenso da Te eventualmente prestato per l\u2019invio di comunicazioni commerciali, promozionali e di marketing tramite strumenti automatizzati si estender\u00e0 anche alle modalit\u00e0 tradizionali di contatto.<\/p>\n<p>I dati da Te forniti verranno trattati prevalentemente con strumenti informatici, ma anche in modo cartaceo, sotto l\u2019autorit\u00e0 del Titolare del trattamento, da parte di soggetti specificamente incaricati, autorizzati ed istruiti al trattamento ai sensi dell\u2019articolo 30 del Codice Privacy e degli articoli 28 e 29 del Regolamento Privacy. Ti informiamo che sono osservate idonee misure di sicurezza anche ai sensi degli artt. 5 e 32 del Regolamento Privacy per prevenire la perdita dei dati, usi illeciti o non corretti ed accessi non autorizzati.<\/p>\n<ol start=\"3\">\n<li><strong>Natura obbligatoria o facoltativa del consenso per il conferimento dei dati, le conseguenze di un eventuale rifiuto e la base giuridica del trattamento<\/strong><\/li>\n<\/ol>\n<p>Sappi che per le finalit\u00e0 di cui ai punti (i), (ii) e (iii) del precedente art. 3, il conferimento dei Tuoi dati personali \u00e8 obbligatorio in quanto in mancanza non potrai, tramite il Sito, usufruire dei Servizi Sito.<\/p>\n<p>Invece, il conferimento dei tuoi dati personali non \u00e8 obbligatorio, ma facoltativo per le finalit\u00e0 di cui al punto (iiii) del precedente art. 3. Il mancato conferimento dei dati per le finalit\u00e0 appena indicate non ci consentir\u00e0 di fornirTi la Newsletter. A tal fine, potrai decidere liberamente se prestare o meno il Tuo consenso anche per tali finalit\u00e0 e senza che ci\u00f2 inibisca la possibilit\u00e0 di accedere ai Servizi Sito.<\/p>\n<p><u>RicordaTi che, in ogni caso ed in qualsiasi momento, potrai richiedere al Titolare la cancellazione dei Tuoi dati tramite una semplice comunicazione da inviarsi, senza particolari formalit\u00e0, ai recapiti di cui al precedente art. 1.<\/u><\/p>\n<p>Con riferimento alle finalit\u00e0 di cui ai punti (i), (ii) e (iii) del precedente art. 3, la base giuridica del trattamento \u00e8 infatti determinata dal legittimo interesse di proporre in vendita i servizi ed i prodotti commercializzati nel sito E-commerce, ovvero l\u2019esecuzione dei servizi forniti attraverso il Sito e da Te richiesti (ai sensi dell\u2019articolo 6, comma 1, lett. b del Regolamento Privacy e dell\u2019articolo 24, comma 1, lett. b del Codice Privacy); invece, con riferimento alle finalit\u00e0 di cui al punto (iiii) del precedente art. 3, la base giuridica del trattamento \u00e8 il tuo eventuale consenso espresso liberamente (ai sensi dell\u2019articolo 6, comma 1, lett. a del Regolamento Privacy e dell\u2019articolo 23 del Codice Privacy).<\/p>\n<ol start=\"4\">\n<li><strong>A chi e in che ambito possiamo trasmettere i tuoi dati<\/strong><\/li>\n<\/ol>\n<p>I Tuoi dati potranno essere comunicati, all\u2019interno dell\u2019UE, nel pieno rispetto di quanto previsto dal Codice Privacy e dal Regolamento Privacy, ai seguenti soggetti:<\/p>\n<ul>\n<li>all\u2019amministrazione finanziaria e\/o altre autorit\u00e0 pubbliche, ove ci\u00f2 sia imposto dalla legge o su loro richiesta;<\/li>\n<li>ai collaboratori esterni di cui il Titolare si avvale per lo svolgimento di adempimenti di natura amministrativa, fiscale e contabile;<\/li>\n<li>alle strutture, ai soggetti ed alle societ\u00e0 esterne di cui il Titolare si avvale per lo svolgimento di attivit\u00e0 connesse, strumentali o conseguenti all\u2019esecuzione dei Servizi Sito \u2013 ivi incluso il servizio di archiviazione cloud computing, \u2013 all\u2019invio della Newsletter;<\/li>\n<\/ul>\n<ol start=\"5\">\n<li><strong>I tuoi diritti<\/strong><\/li>\n<\/ol>\n<p>Ricordati che in qualsiasi momento potrai esercitare i diritti di cui all\u2019art. 7 del Codice Privacy e di cui agli artt. 15, 16, 17, 18, 20 e 21 del Regolamento Privacy, inviando una comunicazione scritta ai recapiti del Titolare di cui al precedente art. 1 e, per l\u2019effetto, ottenere:<\/p>\n<ul>\n<li>la conferma dell\u2019esistenza o meno di Tuoi dati personali con indicazione della relativa origine, verificarne l\u2019esattezza o richiederne l\u2019aggiornamento, la rettifica, l\u2019integrazione;<\/li>\n<li>l\u2019accesso, la rettifica, la cancellazione dei dati o la limitazione del trattamento;<\/li>\n<li>la cancellazione, trasformazione in forma anonima o il blocco dei dati trattati in violazione di legge.<\/li>\n<\/ul>\n<p>Potrai, inoltre, opporti al trattamento dei dati che ti riguardano.<\/p>\n<p>Con riferimento alla Newsletter, evidenziamo che il Tuo diritto di richiedere la cessazione del trattamento effettuato attraverso modalit\u00e0 automatizzate di contatto si estende anche a quelle tradizionali. Inoltre, resta salva per Te la possibilit\u00e0 di esercitare tale diritto solo in parte, ossia richiedendo l\u2019interruzione, ad esempio, dell\u2019invio di comunicazioni promozionali effettuato tramite uno o alcuni degli strumenti di contatto per i quali hai prestato il consenso.<\/p>\n<ol start=\"6\">\n<li><strong>Durata del Trattamento<\/strong><\/li>\n<\/ol>\n<p>Fatti salvi gli obblighi di legge, i dati personali saranno conservati per un periodo determinato, in base a criteri fondati sulla natura dei servizi forniti. Si precisa che i dati conservati per finalit\u00e0 di marketing (queste ultime inerente al servizio di Newsletter) saranno conservati ed utilizzabili fino a quando l\u2019interessato non ne richieda la cancellazione (o l\u2019esclusione dal servizio), esercitando i diritti consentiti dalla normativa vigente.<\/p>\n<ol start=\"7\">\n<li><strong>Misure di sicurezza<\/strong><\/li>\n<\/ol>\n<p>Attraverso il Sito i Tuoi dati sono trattati nel rispetto della legge applicabile ed utilizzando adeguate misure di sicurezza nel rispetto della normativa in vigore anche ai sensi degli artt. 5 e 32 del Regolamento Privacy.<\/p>\n<p>In merito, si conferma, tra l\u2019altro, l\u2019adozione di opportune misure di sicurezza volte ad impedire accessi non autorizzati, furto, divulgazione, modifica o distruzione non autorizzata dei Tuoi dati.<\/p>\n<ol start=\"8\">\n<li><strong>L\u2019informazione fornita e la protezione del minore e le modalit\u00e0 con cui \u00e8 ottenuto il consenso dei titolari della responsabilit\u00e0 genitoriale sul minore.<\/strong><\/li>\n<\/ol>\n<p>Il consenso al trattamento dei dati personali, raccolto presso il sito internet <strong>www.venditanoleggiogeneratori.it<\/strong>, \u00e8 preceduto nella richiesta, presente nel <em>form<\/em>, di indicare se si \u00e8 maggiori di 16 anni di et\u00e0, tramite la spunta di una apposita casella, in caso contrario, la raccolta, il trattamento non vengono effettuati (cos\u00ec come non viene perfezionato il contratto) se non interviene il consenso da colui o coloro che hanno la responsabilit\u00e0 genitoriale sul minore.<\/p>\n<p>Se il minorenne dovesse pertanto, nonostante le chiare indicazioni nelle informazioni richieste relative all\u2019et\u00e0, aver fornito false indicazioni per per accedere ai dati desiderati, il Titolare del trattamento non potr\u00e0 considerarsi responsabile, in quanto non ha alcuno strumento per verificare preventivamente la veridicit\u00e0 delle informazioni.<\/p>\n<ol start=\"9\">\n<li><strong>Modifiche all\u2019Informativa Privacy <\/strong><\/li>\n<\/ol>\n<p>Il Titolare si riserva la facolt\u00e0 di apportare modifiche alla presente Informativa Privacy. In tal caso ne verrai tempestivamente informato, nel momento in cui utilizzerai nuovamente il Sito.<\/p>\n<\/div>\n","protected":false},"excerpt":{"rendered":"<p>Ai sensi dell\u2019art. 13 del Regolamento Europeo n. 679 del 2016 (il \u201cRegolamento Privacy\u201d), nonch\u00e9 della Raccomandazione n. 2 del 2001 adottata ai sensi dell\u2019art. 29 della Direttiva n. 95\/46\/CE, ENG Service di Daniele Ciampichetti intende informare Te e tutti gli utenti e\/o visitatori del sito www.venditanoleggiogeneratori.it (rispettivamente gli \u201cUtenti\u201d e il \u201cSito\u201d), in merito [&hellip;]<\/p>\n","protected":false},"author":1,"featured_media":0,"parent":0,"menu_order":0,"comment_status":"closed","ping_status":"open","template":"","meta":{"footnotes":""},"class_list":["post-3","page","type-page","status-publish","hentry","wpbf-post"],"aioseo_notices":[],"_links":{"self":[{"href":"https:\/\/www.venditanoleggiogeneratori.it\/aftersales\/wp-json\/wp\/v2\/pages\/3","targetHints":{"allow":["GET"]}}],"collection":[{"href":"https:\/\/www.venditanoleggiogeneratori.it\/aftersales\/wp-json\/wp\/v2\/pages"}],"about":[{"href":"https:\/\/www.venditanoleggiogeneratori.it\/aftersales\/wp-json\/wp\/v2\/types\/page"}],"author":[{"embeddable":true,"href":"https:\/\/www.venditanoleggiogeneratori.it\/aftersales\/wp-json\/wp\/v2\/users\/1"}],"replies":[{"embeddable":true,"href":"https:\/\/www.venditanoleggiogeneratori.it\/aftersales\/wp-json\/wp\/v2\/comments?post=3"}],"version-history":[{"count":1,"href":"https:\/\/www.venditanoleggiogeneratori.it\/aftersales\/wp-json\/wp\/v2\/pages\/3\/revisions"}],"predecessor-version":[{"id":120,"href":"https:\/\/www.venditanoleggiogeneratori.it\/aftersales\/wp-json\/wp\/v2\/pages\/3\/revisions\/120"}],"wp:attachment":[{"href":"https:\/\/www.venditanoleggiogeneratori.it\/aftersales\/wp-json\/wp\/v2\/media?parent=3"}],"curies":[{"name":"wp","href":"https:\/\/api.w.org\/{rel}","templated":true}]}}